{"id":89,"date":"2020-05-23T13:46:17","date_gmt":"2020-05-23T16:46:17","guid":{"rendered":"https:\/\/todosafull.com.ar\/web\/?page_id=89"},"modified":"2020-05-25T12:07:35","modified_gmt":"2020-05-25T15:07:35","slug":"mesa-de-ayuda","status":"publish","type":"page","link":"https:\/\/www.todosafull.com.ar\/web\/mesa-de-ayuda\/","title":{"rendered":"Mesa de Ayuda"},"content":{"rendered":"\n<p>Ante el avance de la tecnolog\u00eda y la necesidad de utilizarla para mejorar nuestras vidas, abrimos este canal para poder recibir consultas y poder ayudar particularmente o de manera comunitaria a resolver dudas, problemas o inconvenientes que surjan con el uso de las mismas.<\/p>\n\n\n\n<p>Solo ten\u00e9s que enviarnos un comentario aqu\u00ed abajo y nuestro equipo,  cuando est\u00e9 disponible, lo atender\u00e1 y lo responder\u00e1 lo mas r\u00e1pido que sea posible.<\/p>\n\n\n\n<p>En caso de que la consulta o pedido pueda servirle a otras personas, iremos publicando las preguntas y respuestas, para ayudar a quienes tengan los mismos inconvenientes.<\/p>\n","protected":false},"excerpt":{"rendered":"<p>Ante el avance de la tecnolog\u00eda y la necesidad de utilizarla para mejorar nuestras vidas,&#8230;<\/p>\n","protected":false},"author":1,"featured_media":0,"parent":0,"menu_order":0,"comment_status":"open","ping_status":"closed","template":"","meta":{"footnotes":""},"class_list":["post-89","page","type-page","status-publish","hentry"],"_links":{"self":[{"href":"https:\/\/www.todosafull.com.ar\/web\/wp-json\/wp\/v2\/pages\/89","targetHints":{"allow":["GET"]}}],"collection":[{"href":"https:\/\/www.todosafull.com.ar\/web\/wp-json\/wp\/v2\/pages"}],"about":[{"href":"https:\/\/www.todosafull.com.ar\/web\/wp-json\/wp\/v2\/types\/page"}],"author":[{"embeddable":true,"href":"https:\/\/www.todosafull.com.ar\/web\/wp-json\/wp\/v2\/users\/1"}],"replies":[{"embeddable":true,"href":"https:\/\/www.todosafull.com.ar\/web\/wp-json\/wp\/v2\/comments?post=89"}],"version-history":[{"count":3,"href":"https:\/\/www.todosafull.com.ar\/web\/wp-json\/wp\/v2\/pages\/89\/revisions"}],"predecessor-version":[{"id":502,"href":"https:\/\/www.todosafull.com.ar\/web\/wp-json\/wp\/v2\/pages\/89\/revisions\/502"}],"wp:attachment":[{"href":"https:\/\/www.todosafull.com.ar\/web\/wp-json\/wp\/v2\/media?parent=89"}],"curies":[{"name":"wp","href":"https:\/\/api.w.org\/{rel}","templated":true}]}}